{"id":3909,"date":"2013-05-17T22:33:29","date_gmt":"2013-05-17T22:33:29","guid":{"rendered":"https:\/\/zaminrizkavan.com\/%d8%b3%d9%88%d8%a7%d8%a8%d9%82-%d9%88-%d9%81%d8%b9%d8%a7%d9%84%db%8c%d8%aa-%d9%87%d8%a7-7\/"},"modified":"2013-05-17T22:33:29","modified_gmt":"2013-05-17T22:33:29","slug":"%d8%b3%d9%88%d8%a7%d8%a8%d9%82-%d9%88-%d9%81%d8%b9%d8%a7%d9%84%db%8c%d8%aa-%d9%87%d8%a7-7","status":"publish","type":"page","link":"https:\/\/zaminrizkavan.com\/en\/%d8%b3%d9%88%d8%a7%d8%a8%d9%82-%d9%88-%d9%81%d8%b9%d8%a7%d9%84%db%8c%d8%aa-%d9%87%d8%a7-7\/","title":{"rendered":"\u0633\u0648\u0627\u0628\u0642 \u0648 \u0641\u0639\u0627\u0644\u06cc\u062a \u0647\u0627"},"content":{"rendered":"<p><img decoding=\"async\" src=\"https:\/\/zaminrizkavan.com\/wp-content\/uploads\/2013\/05\/biglari.jpg\"><br \/>\n\u0646\u0627\u0645 : <b>\u0641\u0631\u064a\u062f\u0648\u0646 <\/b><br \/>\n\u0646\u0627\u0645 \u062e\u0627\u0646\u0648\u0627\u062f\u06af\u06cc:<b> \u0628\u064a\u06af\u0644\u0631\u064a<\/b><br \/>\n\u0633\u0645\u062a : <b>\u0645\u0634\u0627\u0648\u0631 \u0639\u0644\u0645\u06cc \u0628\u0627\u0633\u062a\u0627\u0646 \u0634\u0646\u0627\u0633\u06cc <\/b><br \/>\n\u0632\u0645\u06cc\u0646\u0647 \u0647\u0627\u06cc \u0647\u0645\u06a9\u0627\u0631\u06cc : \u0628\u0627\u0633\u062a\u0627\u0646 \u0634\u0646\u0627\u0633\u06cc \u067e\u06cc\u0634 \u0627\u0632 \u062a\u0627\u0631\u06cc\u062e<br \/>\n\u062a\u062e\u0635\u0635\u06cc \u0627\u0635\u0644\u06cc : \u067e\u0627\u0631\u06cc\u0646\u0647  \u0633\u0646\u06af\u06cc (Paleolithic) \u0627\u06cc\u0631\u0627\u0646<br \/>\n\u062a\u062d\u0635\u06cc\u0644\u0627\u062a : \u062f\u0627\u0646\u0634 \u0622\u0645\u0648\u062e\u062a\u0647 \u062f\u06a9\u062a\u0631\u06cc \u067e\u0627\u0631\u06cc\u0646\u0647 \u0633\u0646\u06af\u06cc \u0627\u0632 \u062f\u0627\u0646\u0634\u06af\u0627\u0647 \u0628\u0648\u0631\u062f\u0648 1 \u0641\u0631\u0627\u0646\u0633\u0647<br \/>\n\u0622\u062f\u0631\u0633 \u0627\u0644\u0643\u062a\u0631\u0648\u0646\u064a\u0643\u064a : fbiglari@gmail.com<\/p>\n<div style=\"text-align:justify;line-height:170%;direction:rtl;\">\n<b>\u067e\u06cc\u0634\u06cc\u0646\u0647 \u062d\u0631\u0641\u0647 \u0627\u06cc :<\/b><br \/>\n\u0641\u0631\u06cc\u062f\u0648\u0646 \u0628\u06cc\u06af\u0644\u0631\u06cc \u0645\u0633\u0626\u0648\u0644 \u0628\u062e\u0634 \u067e\u0627\u0631\u06cc\u0646\u0647 \u0633\u0646\u06af\u06cc \u0645\u0648\u0632\u0647 \u0645\u0644\u064a \u0627\u064a\u0631\u0627\u0646 \u0627\u0633\u062a. \u062a\u062e\u0635\u0635 \u0648\u06cc \u0628\u0627\u0633\u062a\u0627\u0646 \u0634\u0646\u0627\u0633\u06cc \u062f\u0648\u0631\u0647 \u0647\u0627\u06cc \u067e\u0627\u0631\u06cc\u0646\u0647 \u0633\u0646\u06af\u06cc \u0642\u062f\u06cc\u0645 \u0648 \u0645\u06cc\u0627\u0646\u06cc \u0627\u06cc\u0631\u0627\u0646 \u0627\u0633\u062a \u0648 \u062f\u0631 \u0627\u06cc\u0646 \u0632\u0645\u06cc\u0646\u0647 \u0628\u0631\u0631\u0633\u06cc \u0647\u0627 \u0648 \u06a9\u0627\u0648\u0634\u0647\u0627\u06cc\u06cc \u062f\u0631 \u0646\u0642\u0627\u0637 \u0645\u062e\u062a\u0644\u0641 \u06a9\u0634\u0648\u0631 \u0627\u0646\u062c\u0627\u0645 \u062f\u0627\u062f\u0647 \u06a9\u0647 \u0627\u0632  \u0645\u06cc\u0627\u0646 \u0627\u06cc\u0646 \u06a9\u0627\u0648\u0634\u0647\u0627 \u0645\u06cc \u062a\u0648\u0627\u0646 \u0628\u0647 \u06a9\u0627\u0648\u0634 \u062f\u0631 \u063a\u0627\u0631 \u0645\u0631\u062a\u0627\u0631\u06cc\u06a9 (\u0628\u06cc\u0633\u062a\u0648\u0646\u060c \u06a9\u0631\u0645\u0627\u0646\u0634\u0627\u0647)\u060c \u06a9\u0627\u0648\u0634 \u062f\u0631 \u063a\u0627\u0631 \u06cc\u0627\u0641\u062a\u0647 (\u0644\u0631\u0633\u062a\u0627\u0646)\u060c \u06a9\u0627\u0648\u0634 \u062f\u0631 \u063a\u0627\u0631 \u0647\u0627\u06cc \u0642\u0644\u0639\u0647 \u0628\u0632\u06cc (\u0627\u0635\u0641\u0647\u0627\u0646) \u0648 \u0627\u062e\u06cc\u0631\u0627 \u0646\u06cc\u0632 \u06a9\u0627\u0648\u0634 \u062f\u0631 \u063a\u0627\u0631 \u062f\u0631\u0628\u0646\u062f (\u06af\u06cc\u0644\u0627\u0646) \u0627\u0634\u0627\u0631\u0647 \u06a9\u0631\u062f. \u0648\u06cc \u062f\u0631 \u0633\u0627\u0644 1387 \u0627\u0648\u0644\u06cc\u0646 \u0645\u0648\u0632\u0647 \u0627\u062e\u062a\u0635\u0627\u0635\u06cc \u067e\u0627\u0631\u06cc\u0646\u0647 \u0633\u0646\u06af\u06cc \u06a9\u0634\u0648\u0631 \u0631\u0627 \u0628\u0627 \u0647\u0645\u06a9\u0627\u0631\u06cc \u0633\u0627\u0632\u0645\u0627\u0646 \u0645\u06cc\u0631\u0627\u062b \u0641\u0631\u0647\u0646\u06af\u06cc \u06a9\u0631\u0645\u0627\u0646\u0634\u0627\u0647 \u062f\u0631 \u0627\u06cc\u0646 \u0634\u0647\u0631 \u0631\u0627\u0647 \u0627\u0646\u062f\u0627\u0632\u06cc \u06a9\u0631\u062f. \u062f\u0631 \u062d\u0627\u0644 \u062d\u0627\u0636\u0631 \u0648\u06cc \u0633\u0631\u062f\u0628\u06cc\u0631\u06cc \u0645\u062c\u0644\u0647 \u0628\u06cc\u0646 \u0627\u0644\u0645\u0644\u0644\u06cc \u0628\u0627\u0633\u062a\u0627\u0646 \u0634\u0646\u0627\u0633\u06cc \u0627\u06cc\u0631\u0627\u0646 \u0631\u0627 \u0628\u0647 \u0639\u0647\u062f\u0647 \u062f\u0627\u0631\u062f.<\/p>\n<p><b>\u0641\u0639\u0627\u0644\u06cc\u062a \u0647\u0627 \u0648 \u0647\u0645\u06a9\u0627\u0631\u06cc \u0647\u0627\u06cc \u0628\u06cc\u0646 \u0627\u0644\u0645\u0644\u0644\u06cc :<\/b><br \/>\n\u0628\u06cc\u06af\u0644\u0631\u06cc \u062a\u0627\u06a9\u0646\u0648\u0646 \u0633\u0631\u067e\u0631\u0633\u062a\u064a \u0633\u0647 \u0647\u064a\u0626\u062a \u0628\u0627\u0633\u062a\u0627\u0646 \u0634\u0646\u0627\u0633\u064a \u0645\u0634\u062a\u0631\u0643 \u0627\u064a\u0631\u0627\u0646\u064a- \u0641\u0631\u0627\u0646\u0633\u0648\u064a\u060c \u0627\u064a\u0631\u0627\u0646\u064a- \u0628\u0644\u0698\u064a\u0643\u064a \u0648 \u0627\u06cc\u0631\u0627\u0646\u06cc-\u0698\u0627\u067e\u0646\u06cc \u0631\u0627 \u0628\u0647 \u0639\u0647\u062f\u0647 \u062f\u0627\u0634\u062a\u0647 \u0643\u0647 \u0643\u0627\u0648\u0634\u0647\u0627 \u0648 \u0628\u0631\u0631\u0633\u06cc \u0647\u0627\u06cc\u06cc \u0631\u0627  \u062f\u0631 \u06a9\u0631\u0645\u0627\u0646\u0634\u0627\u0647\u060c \u0644\u0631\u0633\u062a\u0627\u0646 \u0648 \u0641\u0627\u0631\u0633 \u0628\u0647 \u0627\u0646\u062c\u0627\u0645 \u0631\u0633\u0627\u0646\u062f\u0647 \u0627\u0633\u062a. \u0648\u06cc \u062f\u0631 \u0633\u0627\u0644 1385 \u0628\u0627 \u0647\u0645\u0643\u0627\u0631\u064a \u062f\u0648 \u0628\u0627\u0633\u062a\u0627\u0646 \u0634\u0646\u0627\u0633 \u0641\u0631\u0627\u0646\u0633\u0648\u064a \u0648 \u0628\u0644\u0698\u064a\u0643\u064a \u0646\u062e\u0633\u062a\u064a\u0646 \u06af\u0631\u062f\u0647\u0645\u0627\u064a\u064a \u062a\u062e\u0635\u0635\u06cc \u0628\u0627\u0633\u062a\u0627\u0646 \u0634\u0646\u0627\u0633\u064a \u067e\u0627\u0631\u064a\u0646\u0647 \u0633\u0646\u06af\u064a \u0627\u064a\u0631\u0627\u0646 \u0631\u0627 \u062f\u0631 \u0643\u0646\u06af\u0631\u0647 \u0628\u064a\u0646 \u0627\u0644\u0645\u0644\u0644\u064a \u067e\u064a\u0634 \u0627\u0632 \u062a\u0627\u0631\u064a\u062e \u062c\u0647\u0627\u0646 \u062f\u0631 \u0643\u0634\u0648\u0631 \u067e\u0631\u062a\u0642\u0627\u0644 \u0628\u0631\u06af\u0632\u0627\u0631 \u0643\u0631\u062f \u0643\u0647 \u0633\u062e\u0646\u0631\u0627\u0646\u0627\u0646\u064a \u0627\u0632 \u0645\u0631\u0627\u0643\u0632 \u0648 \u0633\u0627\u0632\u0645\u0627\u0646\u0647\u0627\u064a \u067e\u0698\u0648\u0647\u0634\u064a \u0627\u064a\u0631\u0627\u0646\u060c \u0627\u0644\u0645\u0627\u0646\u060c \u0628\u0644\u0698\u064a\u0643\u060c \u0627\u064a\u0627\u0644\u062a \u0645\u062a\u062d\u062f\u0647 \u0648 \u0686\u0646\u062f \u0643\u0634\u0648\u0631 \u062f\u064a\u06af\u0631 \u062f\u0631 \u0622\u0646 \u0646\u062a\u0627\u064a\u062c \u062c\u062f\u064a\u062f \u062a\u0631\u064a\u0646 \u067e\u0698\u0648\u0647\u0634\u0647\u0627\u064a \u062e\u0648\u062f \u0631\u0627 \u062f\u0631 \u0627\u064a\u0646 \u0632\u0645\u064a\u0646\u0647 \u0627\u0631\u0627\u064a\u0647 \u0643\u0631\u062f\u0646\u062f \u06a9\u0647 \u0646\u062a\u0627\u06cc\u062c \u0622\u0646 \u062f\u0631 \u06cc\u06a9 \u0645\u062c\u0644\u062f \u062f\u0631 \u062a\u0627\u0628\u0633\u062a\u0627\u0646 \u0633\u0627\u0644 1388 \u062f\u0631 \u0628\u0631\u06cc\u062a\u0627\u0646\u06cc\u0627 \u0645\u0646\u062a\u0634\u0631 \u0634\u062f. \u0639\u0644\u0627\u0648\u0647 \u0628\u0631 \u0627\u064a\u0646 \u062a\u0627\u0643\u0646\u0648\u0646 \u0646\u0632\u062f\u06cc\u06a9 \u0628\u0647 \u0633\u06cc \u0645\u0642\u0627\u0644\u0647 \u062f\u0631 \u0646\u0634\u0631\u064a\u0627\u062a \u062a\u062e\u0635\u0635\u06cc \u0628\u064a\u0646 \u0627\u0644\u0645\u0644\u0644\u064a (\u0627\u0644\u0645\u0627\u0646\u060c \u0627\u0646\u06af\u0644\u064a\u0633\u060c \u0627\u0645\u0631\u064a\u0643\u0627\u060c \u0641\u0631\u0627\u0646\u0633\u0647\u060c \u062c\u0645\u0647\u0648\u0631\u064a \u0686\u0643\u060c \u0698\u0627\u067e\u0646 \u0648 \u0645\u06a9\u0632\u06cc\u06a9\u060c) \u0645\u0646\u062a\u0634\u0631 \u06a9\u0631\u062f\u0647 \u0648  \u0633\u062e\u0646\u0631\u0627\u0646\u06cc \u0647\u0627\u06cc\u06cc \u0646\u06cc\u0632 \u062f\u0631\u0628\u0627\u0631\u0647 \u0628\u0627\u0633\u062a\u0627\u0646 \u0634\u0646\u0627\u0633\u06cc \u067e\u0627\u0631\u06cc\u0646\u0647 \u0633\u0646\u06af\u06cc \u0627\u06cc\u0631\u0627\u0646 \u062f\u0631 \u06a9\u0634\u0648\u0631\u0647\u0627\u06cc \u0627\u06cc\u0631\u0644\u0646\u062f\u060c \u0627\u06cc\u0627\u0644\u0627\u062a \u0645\u062a\u062d\u062f\u0647\u060c \u0641\u0631\u0627\u0646\u0633\u0647\u060c \u0698\u0627\u067e\u0646\u060c \u0633\u0648\u06cc\u0633 \u0648 \u067e\u0631\u062a\u0642\u0627\u0644 \u0648 \u0647\u0645\u0686\u0646\u06cc\u0646 \u062f\u0631 \u062f\u0627\u062e\u0644 \u06a9\u0634\u0648\u0631 \u0627\u0631\u0627\u06cc\u0647 \u06a9\u0631\u062f\u0647 \u0627\u0633\u062a.\n<\/div>\n<p><b>\u0634\u0645\u0627\u0631\u06cc \u0627\u0632 \u0645\u0642\u0627\u0644\u0627\u062a \u0645\u0646\u062a\u0634\u0631\u0634\u062f\u0647 \u062f\u0631 \u0646\u0634\u0631\u06cc\u0627\u062a \u0628\u06cc\u0646 \u0627\u0644\u0645\u0644\u0644\u06cc :<\/b><\/p>\n<div style=\"text-align:justify;line-height:170%;direction:ltr;\">\nBiglari, F., V. Jahani  2011,<br \/>\nThe Pleistocene Human Settlement in Gilan, Southwest Caspian Sea: Recent Research, Eurasian  Prehistory  8 (1-2): 3-28. <\/p>\n<p>Djamali, M., F. Biglari, K. Abdi, V. Andrieu-Ponel, J-L. de Beaulieu, M. Mashkour  and Ph. Ponel  2011,<br \/>\nPollen analysis of coprolites from a late Pleistocene-Holocene cave deposit (Wezmeh Cave, west Iran): insights into the late Pleistocene and late Holocene vegetation and flora of the central Zagros Mountains, Journal of Archaeological Sceince, doi:10.1016\/j.jas.2011.08.001 pdf<\/p>\n<p>Jaubert, J., F. Biglari, R, Crassard, M. Mashkour, W. Rendu et S. Shidrang 2010,<br \/>\nPal\u00e9olithique moyen r\u00e9cent de la grotte de Qaleh Bozi 2 (Esfahan, Iran): premiers r\u00e9sultats de la campagne 2008, Iranian Archaeology, Vol.1, No.1, pp. 21-31, Tehran<\/p>\n<p>Biglari F, M. Javeri, M. Mashkour, Y. Yazdi, S. Shidrang, M. Tengberg, and K. Taheri and J. Darvish 2009,<br \/>\nTest excavations at the Middle Paleolithic sites of Qaleh Bozi, Southwest of Central Iran, A preliminary report, In: M. Otte, F. Biglari, and J. Jaubert (eds), Iran Palaeolithic. pp. 29-38, Proceedings of the XV World Congress UISPP, Lisbonne, Vol. 28, BAR International Series 1968. <\/p>\n<p>Jaubert. J. F. Biglari, J. Bordes, L. Bruxelles, V. Mourre, S. Shidrang, R. Naderi, M. Maskour, B. Maureille, J-B. Mallye, Y. Quinif, W. Randu and V. Laroulandie 2009,<br \/>\nThe Middle Paleolithic occupation of Mar Tarik, a new Zagros Mousterian site, In: M. Otte, F. Biglari, and J. Jaubert (eds), Iran Palaeolithic. pp. 7-27, Proceedings of the XV World Congress UISPP, Lisbonne, Vol. 28, BAR International Series 1968. <\/p>\n<p>Mashkour, M., H. Monchot, E. Trinkaus, J-L. Reyss, F. Biglari, S. Bailon, S. Heydari, K. Abdi   2008,<br \/>\nCarnivores and their prey in the Wezmeh Cave (Kermanshah, Iran): A Late refuge in  the Zagros, International Journal of  Osteoarchaeology <\/p>\n<p>Trinkaus E, F. Biglari, M. Mashkour, H. Monchot, J-L. Reyss, H. Rougier, S. Heydari, K. Abdi. 2008,<br \/>\nLate Pleistocene Human Remains from Wezmeh Cave, western Iran. American Journal  of physical Anthropology.135(4):371-80 <\/p>\n<p>Biglari, F. 2007,<br \/>\nThe Lower and Middle Paleolithic Occupations of Iran: A Brief Review, In Iran, Fragments from Paradise, Instituto Nacional de Antropologia e Historia, Mexico City  pp.31-39, Instituto Nacional de Antropologia e Historia, Mexico City<\/p>\n<p>Biglari, F. 2007,<br \/>\nApprovisionnement et utilisation des mati\u00e8res premi\u00e8res au Pal\u00e9olithique moyen dans la plaine de Kermanshah (Iran) : le cas de la Grotte Do-Ashkaft, M. H. Moncel, A. Moigne, M. Arzarello, C. Peretto (eds),Aires &#8216;approvisionnement en mati\u00e8res premi\u00e8res et aires d&#8217;approvisionnement en ressources alimentaires Approche int\u00e9gr\u00e9e des comportements, Workshop 23, XV Congr\u00e8s UISPP, Lisbonne, Vol. 5, BAR International Series 1725<\/p>\n<p>Biglari, F. 2007,<br \/>\nIntroduction, in A. Tsuneki and M. Nishida (eds), Stone tools from Arsanjan area, Fars province, Iran, pp.2-4, Tsukoba University.<\/p>\n<p>Biglari F,  Jahani, V.; Mashkour,  M.; Argant, A.; Shidrang, S.; and Taheri, K.  2007,<br \/>\nDarband Cave: New Evidence for Lower Paleolithic occupation at Western Alborz Range, Gilan. Iranian Journal of Archaeology and History 41:30-37. (In Persian, with an English abstract(<\/p>\n<p>Otte, M., F. Biglari, D. Flas, S. Shidrang, N. Zwyns, M. Mashkour, R. Naderi, A. Mohaseb N. Hashemi, J. Darvish, &#038; V. Radu 2007,<br \/>\nThe Aurignacian in the Zagros region: new research at Yafteh Cave, Lorestan, Iran, Antiquity 81:82-96<\/p>\n<p>Biglari, F. and \u064fS.Shidrang 2006,<br \/>\nThe Lower Paleolithic Occupation of Iran, Near Eastern Archaeology 69(3\u20134): 160-168<\/p>\n<p>Trinkaus, E and F. Biglari 2006,<br \/>\nMiddle Paleolithic Human Remains from Bisitun Cave, Iran, Paleorient: 32.2: 105-1 <\/p>\n<p>Hashemi, N., J. Darvish, M. Mashkour, F. Biglari 2006,<br \/>\nRodents and Lagomorphs remains from late Pleistocene and early Holocene Caves and Rochshelter sites in the Zagros region, Iran, Iranian Journal of Animal Biosystematics, Vol. 2, No. 1: 25-33<\/p>\n<p>Jaubert, J.,F. Biglari, J-G. Bordes, L. Bruxelles, V. Mourre, S. Shidrang, R. Naderi and S. Alipour  2006 New Research on Paleolithic of Iran: Preliminary Report of 2004,<br \/>\nIranian-French Joint Mission, Archaeological Reports 4, pp. 17-26, Iranian Center for Archaeological Research, Tehran. (In English, with a Persian abstract<\/p>\n<p>Otte, M, and F. Biglari  2004,<br \/>\nTemoins aurignacian dans le Zagros, Iran, Anthropologie 42\/3: 243-247  <\/p>\n<p>Biglari, F, S. Heydari, and S. Shidrang 2004,<br \/>\nGanj Par: The first evidence for Lower Paleolithic occupation in the Southern Caspian Basin, Iran, Antiquity:Vol 78, No 302, Project Gallery<\/p>\n<p>Biglari, F, S. Heydari, and S. Shidrang 2004,<br \/>\nThe Lower Paleolithic site of Ganj Par in the Gilan Province, Iran, a preliminary report. In T. Ohtsu, J. Nokandeh, and K. Yamauchi (eds), Preliminary Peport of the Iran-Japan Joint Archaeological Expedition to Gilan, Third Season, 2002, Pp. 76-84, ICHTO, Tehran, and MECC, Tokyo.<\/p>\n<p>Biglari, F.  2004,<br \/>\nThe Preliminary Observations on Middle Paleolithic Raw Material Procurement and Usage in the Kermanshah Plain, the Case of Do-Ashkaft Cave. In T. Stollner, R. Slotta, and A. Vatandoust (eds), Persian Antiques Splendor, mining crafts and archeology in ancient Iran, vol. I, Pp. 130-138, Deutsches Bergbau-Museum Bochum, Bochum<\/p>\n<p>Roustaei, K, F.Biglari, S.Heydari and H.Vahdati 2002,<br \/>\nRecent Research on the Palealithic of Lurestan, West Central Iran. Antiquity 76:19-20 <\/p>\n<p>Biglari, F., and S. Heydari 2001,<br \/>\nDo-Ashkaft: A Recently Discovered Mousterian Cave Site in the Kermanshah Plain, Iran. Antiquity 75: 487-488.<\/p>\n<p>Biglari, F., and G. Nokandeh and S. Heydari 2000,<br \/>\nA Recent find of a Possible Lower Paleolithic Assemblage from the Foothills of the Zagros Mountains.Antiquity 74: 749-750 <\/p>\n<p>Biglari, F., and K. Abdi  1999,<br \/>\nPaleolithic Artifacts from Cham-e Souran, the Islamabad Plain, Central Western Zagros Mountains, Iran.Archaologische Mitteilungen aus Iran und Turan 31: 1-8\n<\/p><\/div>\n<p><b>\u0635\u0641\u062d\u0627\u062a \u0634\u062e\u0635\u06cc \u062f\u0631 \u0648\u0628:<\/b><br \/>\nhttp:\/\/iran-pal-publication.blogfa.com\/<br \/>\nhttps:\/\/sites.google.com\/site\/fbiglari\/<\/p>","protected":false},"excerpt":{"rendered":"<p><img decoding=\"async\" src=\"https:\/\/zaminrizkavan.com\/wp-content\/uploads\/2013\/05\/biglari.jpg\"><br \/>\n\u0646\u0627\u0645 : <b>\u0641\u0631\u064a\u062f\u0648\u0646 <\/b><br \/>\n\u0646\u0627\u0645 \u062e\u0627\u0646\u0648\u0627\u062f\u06af\u06cc:<b> \u0628\u064a\u06af\u0644\u0631\u064a<\/b><br \/>\n\u0633\u0645\u062a : <b>\u0645\u0634\u0627\u0648\u0631 \u0639\u0644\u0645\u06cc \u0628\u0627\u0633\u062a\u0627\u0646 \u0634\u0646\u0627\u0633\u06cc <\/b><br \/>\n\u0632\u0645\u06cc\u0646\u0647 \u0647\u0627\u06cc \u0647\u0645\u06a9\u0627\u0631\u06cc : \u0628\u0627\u0633\u062a\u0627\u0646 \u0634\u0646\u0627\u0633\u06cc \u067e\u06cc\u0634 \u0627\u0632 \u062a\u0627\u0631\u06cc\u062e<br \/>\n\u062a\u062e\u0635\u0635\u06cc \u0627\u0635\u0644\u06cc : \u067e\u0627\u0631\u06cc\u0646\u0647  \u0633\u0646\u06af\u06cc (Paleolithic) \u0627\u06cc\u0631\u0627\u0646<br \/>\n\u062a\u062d\u0635\u06cc\u0644\u0627\u062a : \u062f\u0627\u0646\u0634 \u0622\u0645\u0648\u062e\u062a\u0647 \u062f\u06a9\u062a\u0631\u06cc \u067e\u0627\u0631\u06cc\u0646\u0647 \u0633\u0646\u06af\u06cc \u0627\u0632 \u062f\u0627\u0646\u0634\u06af\u0627\u0647 \u0628\u0648\u0631\u062f\u0648 1 \u0641\u0631\u0627\u0646\u0633\u0647<br \/>\n\u0622\u062f\u0631\u0633 \u0627\u0644\u0643\u062a\u0631\u0648\u0646\u064a\u0643\u064a : fbiglari@gmail.com<\/p>\n<div style=\"text-align:justify;line-height:170%;direction:rtl;\">\n<b>\u067e\u06cc\u0634\u06cc\u0646\u0647 \u062d\u0631\u0641\u0647 \u0627\u06cc :<\/b><\/p>","protected":false},"author":1,"featured_media":0,"parent":0,"menu_order":0,"comment_status":"closed","ping_status":"closed","template":"","meta":{"footnotes":""},"class_list":["post-3909","page","type-page","status-publish","hentry","cms-no-post-thumbnail"],"_links":{"self":[{"href":"https:\/\/zaminrizkavan.com\/en\/wp-json\/wp\/v2\/pages\/3909"}],"collection":[{"href":"https:\/\/zaminrizkavan.com\/en\/wp-json\/wp\/v2\/pages"}],"about":[{"href":"https:\/\/zaminrizkavan.com\/en\/wp-json\/wp\/v2\/types\/page"}],"author":[{"embeddable":true,"href":"https:\/\/zaminrizkavan.com\/en\/wp-json\/wp\/v2\/users\/1"}],"replies":[{"embeddable":true,"href":"https:\/\/zaminrizkavan.com\/en\/wp-json\/wp\/v2\/comments?post=3909"}],"version-history":[{"count":0,"href":"https:\/\/zaminrizkavan.com\/en\/wp-json\/wp\/v2\/pages\/3909\/revisions"}],"wp:attachment":[{"href":"https:\/\/zaminrizkavan.com\/en\/wp-json\/wp\/v2\/media?parent=3909"}],"curies":[{"name":"wp","href":"https:\/\/api.w.org\/{rel}","templated":true}]}}